{"id":2061,"date":"2024-07-31T12:08:45","date_gmt":"2024-07-31T12:08:45","guid":{"rendered":"https:\/\/proconstruction.es\/?page_id=2061"},"modified":"2024-09-17T08:26:04","modified_gmt":"2024-09-17T08:26:04","slug":"servicios-de-hormigon","status":"publish","type":"page","link":"https:\/\/proconstruction.es\/es\/servicios-de-hormigon\/","title":{"rendered":"Servicios de hormig\u00f3n"},"content":{"rendered":"\t\t<div data-elementor-type=\"wp-page\" data-elementor-id=\"2061\" class=\"elementor elementor-2061 elementor-1585\">\n\t\t\t\t<div class=\"elementor-element elementor-element-612ad190 e-flex e-con-boxed e-con e-parent\" data-id=\"612ad190\" data-element_type=\"container\" data-settings=\"{&quot;background_background&quot;:&quot;classic&quot;}\" data-core-v316-plus=\"true\">\n\t\t\t\t\t<div class=\"e-con-inner\">\n\t\t<div class=\"elementor-element elementor-element-171e4b12 e-con-full e-flex e-con e-child\" data-id=\"171e4b12\" data-element_type=\"container\">\n\t\t\t\t<div class=\"elementor-element elementor-element-7d5f3b3e elementor-widget elementor-widget-heading\" data-id=\"7d5f3b3e\" data-element_type=\"widget\" data-widget_type=\"heading.default\">\n\t\t\t\t<div class=\"elementor-widget-container\">\n\t\t\t<style>\/*! elementor - v3.20.0 - 13-03-2024 *\/\n.elementor-heading-title{padding:0;margin:0;line-height:1}.elementor-widget-heading .elementor-heading-title[class*=elementor-size-]>a{color:inherit;font-size:inherit;line-height:inherit}.elementor-widget-heading .elementor-heading-title.elementor-size-small{font-size:15px}.elementor-widget-heading .elementor-heading-title.elementor-size-medium{font-size:19px}.elementor-widget-heading .elementor-heading-title.elementor-size-large{font-size:29px}.elementor-widget-heading .elementor-heading-title.elementor-size-xl{font-size:39px}.elementor-widget-heading .elementor-heading-title.elementor-size-xxl{font-size:59px}<\/style><h1 class=\"elementor-heading-title elementor-size-default\">SERVICIOS DE INSTALACI\u00d3N DE PAVIMENTO DE HORMIG\u00d3N IMPRESO Y PULIDO EN HORIZONAL Y VERTICAL EN COSTA DEL SOL, ESPA\u00d1A<\/h1>\t\t<\/div>\n\t\t\t\t<\/div>\n\t\t\t\t<\/div>\n\t\t\t\t\t<\/div>\n\t\t\t\t<\/div>\n\t\t<div class=\"elementor-element elementor-element-22baab5e e-flex e-con-boxed e-con e-parent\" data-id=\"22baab5e\" data-element_type=\"container\" data-core-v316-plus=\"true\">\n\t\t\t\t\t<div class=\"e-con-inner\">\n\t\t<div class=\"elementor-element elementor-element-380a6258 e-flex e-con-boxed e-con e-child\" data-id=\"380a6258\" data-element_type=\"container\">\n\t\t\t\t\t<div class=\"e-con-inner\">\n\t\t\t\t<div class=\"elementor-element elementor-element-6eb069a4 elementor-widget elementor-widget-text-editor\" data-id=\"6eb069a4\" data-element_type=\"widget\" data-widget_type=\"text-editor.default\">\n\t\t\t\t<div class=\"elementor-widget-container\">\n\t\t\t<style>\/*! elementor - v3.20.0 - 13-03-2024 *\/\n.elementor-widget-text-editor.elementor-drop-cap-view-stacked .elementor-drop-cap{background-color:#69727d;color:#fff}.elementor-widget-text-editor.elementor-drop-cap-view-framed .elementor-drop-cap{color:#69727d;border:3px solid;background-color:transparent}.elementor-widget-text-editor:not(.elementor-drop-cap-view-default) .elementor-drop-cap{margin-top:8px}.elementor-widget-text-editor:not(.elementor-drop-cap-view-default) .elementor-drop-cap-letter{width:1em;height:1em}.elementor-widget-text-editor .elementor-drop-cap{float:left;text-align:center;line-height:1;font-size:50px}.elementor-widget-text-editor .elementor-drop-cap-letter{display:inline-block}<\/style>\t\t\t\t<p>El pavimento de hormig\u00f3n es una parte esencial de cualquier propiedad, y nosotros te aseguramos durabilidad, resistencia y un aspecto est\u00e9tico. Nuestro equipo proporciona servicios de construcci\u00f3n de hormig\u00f3n de primera calidad en el \u00e1rea de la Costa del Sol. Desde verter hormig\u00f3n residencial, incluyendo hormig\u00f3n estampado, coloreado, moldeado, para cimientos, patios, jardines, garajes, piscinas y m\u00e1s.<\/p><p>Nos enorgullecemos de nuestro trabajo y operamos con un alto nivel de competencia e integridad. Tu satisfacci\u00f3n es nuestra m\u00e1xima prioridad, y nuestro amplio conocimiento y experiencia aseguran que el trabajo se haga bien desde el principio, \u00a1siempre!<\/p>\t\t\t\t\t\t<\/div>\n\t\t\t\t<\/div>\n\t\t\t\t\t<\/div>\n\t\t\t\t<\/div>\n\t\t\t\t\t<\/div>\n\t\t\t\t<\/div>\n\t\t<div class=\"elementor-element elementor-element-7fe577db e-flex e-con-boxed e-con e-parent\" data-id=\"7fe577db\" data-element_type=\"container\" data-settings=\"{&quot;background_background&quot;:&quot;classic&quot;}\" data-core-v316-plus=\"true\">\n\t\t\t\t\t<div class=\"e-con-inner\">\n\t\t\t\t<div class=\"elementor-element elementor-element-7c9a27a5 elementor-widget elementor-widget-heading\" data-id=\"7c9a27a5\" data-element_type=\"widget\" data-widget_type=\"heading.default\">\n\t\t\t\t<div class=\"elementor-widget-container\">\n\t\t\t<h3 class=\"elementor-heading-title elementor-size-default\">Dedicated services<\/h3>\t\t<\/div>\n\t\t\t\t<\/div>\n\t\t\t\t\t<\/div>\n\t\t\t\t<\/div>\n\t\t<div class=\"elementor-element elementor-element-5dfe770e e-flex e-con-boxed e-con e-parent\" data-id=\"5dfe770e\" data-element_type=\"container\" data-settings=\"{&quot;background_background&quot;:&quot;classic&quot;}\" data-core-v316-plus=\"true\">\n\t\t\t\t\t<div class=\"e-con-inner\">\n\t\t<div class=\"elementor-element elementor-element-7c7f9032 e-con-full e-flex e-con e-child\" data-id=\"7c7f9032\" data-element_type=\"container\">\n\t\t\t\t<div class=\"elementor-element elementor-element-773a3e13 elementor-widget elementor-widget-image\" data-id=\"773a3e13\" data-element_type=\"widget\" data-widget_type=\"image.default\">\n\t\t\t\t<div class=\"elementor-widget-container\">\n\t\t\t<style>\/*! elementor - v3.20.0 - 13-03-2024 *\/\n.elementor-widget-image{text-align:center}.elementor-widget-image a{display:inline-block}.elementor-widget-image a img[src$=\".svg\"]{width:48px}.elementor-widget-image img{vertical-align:middle;display:inline-block}<\/style>\t\t\t\t\t\t\t\t\t\t<img fetchpriority=\"high\" decoding=\"async\" width=\"1024\" height=\"683\" src=\"https:\/\/proconstruction.es\/wp-content\/uploads\/2024\/09\/1-7-1024x683.png\" class=\"attachment-large size-large wp-image-1820\" alt=\"\" srcset=\"https:\/\/proconstruction.es\/wp-content\/uploads\/2024\/09\/1-7-1024x683.png 1024w, https:\/\/proconstruction.es\/wp-content\/uploads\/2024\/09\/1-7-300x200.png 300w, https:\/\/proconstruction.es\/wp-content\/uploads\/2024\/09\/1-7-768x512.png 768w, https:\/\/proconstruction.es\/wp-content\/uploads\/2024\/09\/1-7.png 1200w\" sizes=\"(max-width: 1024px) 100vw, 1024px\" \/>\t\t\t\t\t\t\t\t\t\t\t\t\t<\/div>\n\t\t\t\t<\/div>\n\t\t\t\t<div class=\"elementor-element elementor-element-507f2632 elementor-widget elementor-widget-heading\" data-id=\"507f2632\" data-element_type=\"widget\" data-widget_type=\"heading.default\">\n\t\t\t\t<div class=\"elementor-widget-container\">\n\t\t\t<h2 class=\"elementor-heading-title elementor-size-default\">Hormig\u00f3n para Suelos Residenciales<\/h2>\t\t<\/div>\n\t\t\t\t<\/div>\n\t\t\t\t<div class=\"elementor-element elementor-element-5cedb3bf elementor-widget elementor-widget-text-editor\" data-id=\"5cedb3bf\" data-element_type=\"widget\" data-widget_type=\"text-editor.default\">\n\t\t\t\t<div class=\"elementor-widget-container\">\n\t\t\t\t\t\t\t<p>Creamos suelos fuertes y est\u00e9ticamente agradables, cumpliendo con todos los requisitos t\u00e9cnicos. Ya sea que desees mejorar tu entrada al parking, un nuevo patio o hasta construir una piscina o zona chill-out, tenemos la experiencia y conocimientos para ofrecer resultados sobresalientes.<\/p>\t\t\t\t\t\t<\/div>\n\t\t\t\t<\/div>\n\t\t\t\t<\/div>\n\t\t<div class=\"elementor-element elementor-element-2e59b7eb e-con-full e-flex e-con e-child\" data-id=\"2e59b7eb\" data-element_type=\"container\">\n\t\t\t\t<div class=\"elementor-element elementor-element-26d731ee elementor-widget elementor-widget-image\" data-id=\"26d731ee\" data-element_type=\"widget\" data-widget_type=\"image.default\">\n\t\t\t\t<div class=\"elementor-widget-container\">\n\t\t\t\t\t\t\t\t\t\t\t\t\t<img decoding=\"async\" width=\"1024\" height=\"683\" src=\"https:\/\/proconstruction.es\/wp-content\/uploads\/2024\/09\/2-7-1024x683.png\" class=\"attachment-large size-large wp-image-1821\" alt=\"\" srcset=\"https:\/\/proconstruction.es\/wp-content\/uploads\/2024\/09\/2-7-1024x683.png 1024w, https:\/\/proconstruction.es\/wp-content\/uploads\/2024\/09\/2-7-300x200.png 300w, https:\/\/proconstruction.es\/wp-content\/uploads\/2024\/09\/2-7-768x512.png 768w, https:\/\/proconstruction.es\/wp-content\/uploads\/2024\/09\/2-7.png 1200w\" sizes=\"(max-width: 1024px) 100vw, 1024px\" \/>\t\t\t\t\t\t\t\t\t\t\t\t\t<\/div>\n\t\t\t\t<\/div>\n\t\t\t\t<div class=\"elementor-element elementor-element-e91f0c4 elementor-widget elementor-widget-heading\" data-id=\"e91f0c4\" data-element_type=\"widget\" data-widget_type=\"heading.default\">\n\t\t\t\t<div class=\"elementor-widget-container\">\n\t\t\t<h2 class=\"elementor-heading-title elementor-size-default\">Hormig\u00f3n para Suelos Comerciales<\/h2>\t\t<\/div>\n\t\t\t\t<\/div>\n\t\t\t\t<div class=\"elementor-element elementor-element-579d6666 elementor-widget elementor-widget-text-editor\" data-id=\"579d6666\" data-element_type=\"widget\" data-widget_type=\"text-editor.default\">\n\t\t\t\t<div class=\"elementor-widget-container\">\n\t\t\t\t\t\t\t<p>Ofrecemos servicios profesionales de hormigon adaptados a las necesidades y especificaciones de tu negocio. Ya sea para un nuevo proyecto o una renovaci\u00f3n, garantizamos alta calidad y durabilidad.<\/p>\t\t\t\t\t\t<\/div>\n\t\t\t\t<\/div>\n\t\t\t\t<\/div>\n\t\t<div class=\"elementor-element elementor-element-7bca0c32 e-con-full e-flex e-con e-child\" data-id=\"7bca0c32\" data-element_type=\"container\">\n\t\t\t\t<div class=\"elementor-element elementor-element-6e9b2a42 elementor-widget elementor-widget-image\" data-id=\"6e9b2a42\" data-element_type=\"widget\" data-widget_type=\"image.default\">\n\t\t\t\t<div class=\"elementor-widget-container\">\n\t\t\t\t\t\t\t\t\t\t\t\t\t<img decoding=\"async\" width=\"1024\" height=\"683\" src=\"https:\/\/proconstruction.es\/wp-content\/uploads\/2024\/09\/3-7-1024x683.png\" class=\"attachment-large size-large wp-image-1822\" alt=\"\" srcset=\"https:\/\/proconstruction.es\/wp-content\/uploads\/2024\/09\/3-7-1024x683.png 1024w, https:\/\/proconstruction.es\/wp-content\/uploads\/2024\/09\/3-7-300x200.png 300w, https:\/\/proconstruction.es\/wp-content\/uploads\/2024\/09\/3-7-768x512.png 768w, https:\/\/proconstruction.es\/wp-content\/uploads\/2024\/09\/3-7.png 1200w\" sizes=\"(max-width: 1024px) 100vw, 1024px\" \/>\t\t\t\t\t\t\t\t\t\t\t\t\t<\/div>\n\t\t\t\t<\/div>\n\t\t\t\t<div class=\"elementor-element elementor-element-716b50a5 elementor-widget elementor-widget-heading\" data-id=\"716b50a5\" data-element_type=\"widget\" data-widget_type=\"heading.default\">\n\t\t\t\t<div class=\"elementor-widget-container\">\n\t\t\t<h2 class=\"elementor-heading-title elementor-size-default\">Hormig\u00f3n para Suelos Industriales<\/h2>\t\t<\/div>\n\t\t\t\t<\/div>\n\t\t\t\t<div class=\"elementor-element elementor-element-546fdfd1 elementor-widget elementor-widget-text-editor\" data-id=\"546fdfd1\" data-element_type=\"widget\" data-widget_type=\"text-editor.default\">\n\t\t\t\t<div class=\"elementor-widget-container\">\n\t\t\t\t\t\t\t<p>Utilizamos soluciones especiales para asegurar que los suelos puedan soportar cargas pesadas en instalaciones industriales.<\/p>\t\t\t\t\t\t<\/div>\n\t\t\t\t<\/div>\n\t\t\t\t<\/div>\n\t\t\t\t\t<\/div>\n\t\t\t\t<\/div>\n\t\t<div class=\"elementor-element elementor-element-5943959 e-flex e-con-boxed e-con e-parent\" data-id=\"5943959\" data-element_type=\"container\" data-core-v316-plus=\"true\">\n\t\t\t\t\t<div class=\"e-con-inner\">\n\t\t<div class=\"elementor-element elementor-element-9d0d4fc e-con-full e-flex e-con e-child\" data-id=\"9d0d4fc\" data-element_type=\"container\">\n\t\t\t\t<div class=\"elementor-element elementor-element-4ca6f71 elementor-widget elementor-widget-icon-box\" data-id=\"4ca6f71\" data-element_type=\"widget\" data-widget_type=\"icon-box.default\">\n\t\t\t\t<div class=\"elementor-widget-container\">\n\t\t\t<link rel=\"stylesheet\" href=\"https:\/\/proconstruction.es\/wp-content\/plugins\/elementor\/assets\/css\/widget-icon-box.min.css\">\t\t<div class=\"elementor-icon-box-wrapper\">\n\t\t\t\t\t\t<div class=\"elementor-icon-box-content\">\n\t\t\t\t<h3 class=\"elementor-icon-box-title\">\n\t\t\t\t\t<span  >\n\t\t\t\t\t\tContacte con nuestros expertos en hormig\u00f3n\t\t\t\t\t<\/span>\n\t\t\t\t<\/h3>\n\t\t\t\t\t\t\t\t\t<p class=\"elementor-icon-box-description\">\n\t\t\t\t\t\t\u00bfListo para comenzar tu pr\u00f3ximo proyecto con nosotros? \u00a1Haz clic aqu\u00ed para programar una consulta gratuita hoy mismo!\t\t\t\t\t<\/p>\n\t\t\t\t\t\t\t<\/div>\n\t\t<\/div>\n\t\t\t\t<\/div>\n\t\t\t\t<\/div>\n\t\t\t\t<div class=\"elementor-element elementor-element-b4c1b0c elementor-widget-divider--view-line elementor-widget elementor-widget-divider\" data-id=\"b4c1b0c\" data-element_type=\"widget\" data-widget_type=\"divider.default\">\n\t\t\t\t<div class=\"elementor-widget-container\">\n\t\t\t<style>\/*! elementor - v3.20.0 - 13-03-2024 *\/\n.elementor-widget-divider{--divider-border-style:none;--divider-border-width:1px;--divider-color:#0c0d0e;--divider-icon-size:20px;--divider-element-spacing:10px;--divider-pattern-height:24px;--divider-pattern-size:20px;--divider-pattern-url:none;--divider-pattern-repeat:repeat-x}.elementor-widget-divider .elementor-divider{display:flex}.elementor-widget-divider .elementor-divider__text{font-size:15px;line-height:1;max-width:95%}.elementor-widget-divider .elementor-divider__element{margin:0 var(--divider-element-spacing);flex-shrink:0}.elementor-widget-divider .elementor-icon{font-size:var(--divider-icon-size)}.elementor-widget-divider .elementor-divider-separator{display:flex;margin:0;direction:ltr}.elementor-widget-divider--view-line_icon .elementor-divider-separator,.elementor-widget-divider--view-line_text .elementor-divider-separator{align-items:center}.elementor-widget-divider--view-line_icon .elementor-divider-separator:after,.elementor-widget-divider--view-line_icon .elementor-divider-separator:before,.elementor-widget-divider--view-line_text .elementor-divider-separator:after,.elementor-widget-divider--view-line_text .elementor-divider-separator:before{display:block;content:\"\";border-block-end:0;flex-grow:1;border-block-start:var(--divider-border-width) var(--divider-border-style) var(--divider-color)}.elementor-widget-divider--element-align-left .elementor-divider .elementor-divider-separator>.elementor-divider__svg:first-of-type{flex-grow:0;flex-shrink:100}.elementor-widget-divider--element-align-left .elementor-divider-separator:before{content:none}.elementor-widget-divider--element-align-left .elementor-divider__element{margin-left:0}.elementor-widget-divider--element-align-right .elementor-divider .elementor-divider-separator>.elementor-divider__svg:last-of-type{flex-grow:0;flex-shrink:100}.elementor-widget-divider--element-align-right .elementor-divider-separator:after{content:none}.elementor-widget-divider--element-align-right .elementor-divider__element{margin-right:0}.elementor-widget-divider--element-align-start .elementor-divider .elementor-divider-separator>.elementor-divider__svg:first-of-type{flex-grow:0;flex-shrink:100}.elementor-widget-divider--element-align-start .elementor-divider-separator:before{content:none}.elementor-widget-divider--element-align-start .elementor-divider__element{margin-inline-start:0}.elementor-widget-divider--element-align-end .elementor-divider .elementor-divider-separator>.elementor-divider__svg:last-of-type{flex-grow:0;flex-shrink:100}.elementor-widget-divider--element-align-end .elementor-divider-separator:after{content:none}.elementor-widget-divider--element-align-end .elementor-divider__element{margin-inline-end:0}.elementor-widget-divider:not(.elementor-widget-divider--view-line_text):not(.elementor-widget-divider--view-line_icon) .elementor-divider-separator{border-block-start:var(--divider-border-width) var(--divider-border-style) var(--divider-color)}.elementor-widget-divider--separator-type-pattern{--divider-border-style:none}.elementor-widget-divider--separator-type-pattern.elementor-widget-divider--view-line .elementor-divider-separator,.elementor-widget-divider--separator-type-pattern:not(.elementor-widget-divider--view-line) .elementor-divider-separator:after,.elementor-widget-divider--separator-type-pattern:not(.elementor-widget-divider--view-line) .elementor-divider-separator:before,.elementor-widget-divider--separator-type-pattern:not([class*=elementor-widget-divider--view]) .elementor-divider-separator{width:100%;min-height:var(--divider-pattern-height);-webkit-mask-size:var(--divider-pattern-size) 100%;mask-size:var(--divider-pattern-size) 100%;-webkit-mask-repeat:var(--divider-pattern-repeat);mask-repeat:var(--divider-pattern-repeat);background-color:var(--divider-color);-webkit-mask-image:var(--divider-pattern-url);mask-image:var(--divider-pattern-url)}.elementor-widget-divider--no-spacing{--divider-pattern-size:auto}.elementor-widget-divider--bg-round{--divider-pattern-repeat:round}.rtl .elementor-widget-divider .elementor-divider__text{direction:rtl}.e-con-inner>.elementor-widget-divider,.e-con>.elementor-widget-divider{width:var(--container-widget-width,100%);--flex-grow:var(--container-widget-flex-grow)}<\/style>\t\t<div class=\"elementor-divider\">\n\t\t\t<span class=\"elementor-divider-separator\">\n\t\t\t\t\t\t<\/span>\n\t\t<\/div>\n\t\t\t\t<\/div>\n\t\t\t\t<\/div>\n\t\t\t\t<div class=\"elementor-element elementor-element-6c1e532 elementor-widget elementor-widget-text-editor\" data-id=\"6c1e532\" data-element_type=\"widget\" data-widget_type=\"text-editor.default\">\n\t\t\t\t<div class=\"elementor-widget-container\">\n\t\t\t\t\t\t\t<div class=\"elementor-element elementor-element-674c3e3 elementor-widget elementor-widget-text-editor\" data-id=\"674c3e3\" data-element_type=\"widget\" data-widget_type=\"text-editor.default\"><div class=\"elementor-widget-container\"><p class=\"p1\">Vamos hasta donde nos neccesites dentro de la Comunidad Aut\u00f3noma de Andaluc\u00eda, Espa\u00f1a. Com\u00fanmente en: Provincia de M\u00e1laga: M\u00e1laga capital y la Costa del Sol (Mijas, Fuengirola, Marbella, Estepona y alrededores)<\/p><\/div><\/div>\t\t\t\t\t\t<\/div>\n\t\t\t\t<\/div>\n\t\t\t\t<div class=\"elementor-element elementor-element-e77ba87 elementor-widget elementor-widget-text-editor\" data-id=\"e77ba87\" data-element_type=\"widget\" data-widget_type=\"text-editor.default\">\n\t\t\t\t<div class=\"elementor-widget-container\">\n\t\t\t\t\t\t\tTel\u00e9fono: <a href=\"tel:+34627916269\">+34 627 91 62 69<\/a> \t\t\t\t\t\t<\/div>\n\t\t\t\t<\/div>\n\t\t\t\t<div class=\"elementor-element elementor-element-77d573f elementor-widget elementor-widget-text-editor\" data-id=\"77d573f\" data-element_type=\"widget\" data-widget_type=\"text-editor.default\">\n\t\t\t\t<div class=\"elementor-widget-container\">\n\t\t\t\t\t\t\t<p>Correo electr\u00f3nico: <a href=\"mailto:info@proconstruction.es\">info@proconstruction.es<\/a><\/p>\t\t\t\t\t\t<\/div>\n\t\t\t\t<\/div>\n\t\t\t\t<\/div>\n\t\t<div class=\"elementor-element elementor-element-bde5a45 e-con-full e-flex e-con e-child\" data-id=\"bde5a45\" data-element_type=\"container\" data-settings=\"{&quot;background_background&quot;:&quot;classic&quot;}\">\n\t\t\t\t<div class=\"elementor-element elementor-element-06e4199 elementor-widget elementor-widget-heading\" data-id=\"06e4199\" data-element_type=\"widget\" data-widget_type=\"heading.default\">\n\t\t\t\t<div class=\"elementor-widget-container\">\n\t\t\t<h6 class=\"elementor-heading-title elementor-size-default\">Consulta gratuita<\/h6>\t\t<\/div>\n\t\t\t\t<\/div>\n\t\t\t\t<div class=\"elementor-element elementor-element-00dd6f7 elementor-widget elementor-widget-heading\" data-id=\"00dd6f7\" data-element_type=\"widget\" data-widget_type=\"heading.default\">\n\t\t\t\t<div class=\"elementor-widget-container\">\n\t\t\t<h3 class=\"elementor-heading-title elementor-size-default\">Obtenga una cotizaci\u00f3n gratis<\/h3>\t\t<\/div>\n\t\t\t\t<\/div>\n\t\t\t\t<div class=\"elementor-element elementor-element-47e9808 elementor-widget elementor-widget-wpforms\" data-id=\"47e9808\" data-element_type=\"widget\" data-widget_type=\"wpforms.default\">\n\t\t\t\t<div class=\"elementor-widget-container\">\n\t\t\t<div class=\"wpforms-container \" id=\"wpforms-2172\"><form id=\"wpforms-form-2172\" class=\"wpforms-validate wpforms-form\" data-formid=\"2172\" method=\"post\" enctype=\"multipart\/form-data\" action=\"\/es\/wp-json\/wp\/v2\/pages\/2061\" data-token=\"008bb0d6047f88ed8fca4ca4aca55ff4\"><noscript class=\"wpforms-error-noscript\">Please enable JavaScript in your browser to complete this form.<\/noscript><div class=\"wpforms-field-container\"><div id=\"wpforms-2172-field_0-container\" class=\"wpforms-field wpforms-field-name\" data-field-id=\"0\"><label class=\"wpforms-field-label wpforms-label-hide\" for=\"wpforms-2172-field_0\">Nombre completo <span class=\"wpforms-required-label\">*<\/span><\/label><input type=\"text\" id=\"wpforms-2172-field_0\" class=\"wpforms-field-large wpforms-field-required\" name=\"wpforms[fields][0]\" placeholder=\"Nombre completo\" required><\/div><div id=\"wpforms-2172-field_8-container\" class=\"wpforms-field wpforms-field-text\" data-field-id=\"8\"><label class=\"wpforms-field-label wpforms-label-hide\" for=\"wpforms-2172-field_8\">Tel\u00e9fono de contacto<\/label><input type=\"text\" id=\"wpforms-2172-field_8\" class=\"wpforms-field-large\" name=\"wpforms[fields][8]\" placeholder=\"Tel\u00e9fono de contacto\" ><\/div><div id=\"wpforms-2172-field_7-container\" class=\"wpforms-field wpforms-field-email\" data-field-id=\"7\"><label class=\"wpforms-field-label wpforms-label-hide\" for=\"wpforms-2172-field_7\">Tu email <span class=\"wpforms-required-label\">*<\/span><\/label><input type=\"email\" id=\"wpforms-2172-field_7\" class=\"wpforms-field-large wpforms-field-required\" name=\"wpforms[fields][7]\" placeholder=\"Tu email\" spellcheck=\"false\" required><\/div><div id=\"wpforms-2172-field_5-container\" class=\"wpforms-field wpforms-field-text\" data-field-id=\"5\"><label class=\"wpforms-field-label wpforms-label-hide\" for=\"wpforms-2172-field_5\">Tipo de servicio<\/label><input type=\"text\" id=\"wpforms-2172-field_5\" class=\"wpforms-field-large\" name=\"wpforms[fields][5]\" placeholder=\"Tipo de servicio\" ><\/div><div id=\"wpforms-2172-field_2-container\" class=\"wpforms-field wpforms-field-textarea\" data-field-id=\"2\"><label class=\"wpforms-field-label wpforms-label-hide\" for=\"wpforms-2172-field_2\">Mensaje <span class=\"wpforms-required-label\">*<\/span><\/label><textarea id=\"wpforms-2172-field_2\" class=\"wpforms-field-medium wpforms-field-required\" name=\"wpforms[fields][2]\" placeholder=\"Mensaje\" required><\/textarea><\/div><\/div><!-- .wpforms-field-container --><div class=\"wpforms-submit-container\" ><input type=\"hidden\" name=\"wpforms[id]\" value=\"2172\"><input type=\"hidden\" name=\"wpforms[author]\" value=\"1\"><button type=\"submit\" name=\"wpforms[submit]\" id=\"wpforms-submit-2172\" class=\"wpforms-submit\" data-alt-text=\"Env\u00edo...\" data-submit-text=\"Enviar\" aria-live=\"assertive\" value=\"wpforms-submit\">Enviar<\/button><\/div><\/form><\/div>  <!-- .wpforms-container -->\t\t<\/div>\n\t\t\t\t<\/div>\n\t\t\t\t<\/div>\n\t\t\t\t\t<\/div>\n\t\t\t\t<\/div>\n\t\t\t\t<\/div>\n\t\t","protected":false},"excerpt":{"rendered":"<p>SERVICIOS DE INSTALACI\u00d3N DE PAVIMENTO DE HORMIG\u00d3N IMPRESO Y PULIDO EN HORIZONAL Y VERTICAL EN COSTA DEL SOL, ESPA\u00d1A El pavimento de hormig\u00f3n es una parte esencial de cualquier propiedad, y nosotros te aseguramos durabilidad, resistencia y un aspecto est\u00e9tico. Nuestro equipo proporciona servicios de construcci\u00f3n de hormig\u00f3n de primera calidad en el \u00e1rea de [&hellip;]<\/p>\n","protected":false},"author":1,"featured_media":0,"parent":0,"menu_order":0,"comment_status":"closed","ping_status":"closed","template":"","meta":{"site-sidebar-layout":"no-sidebar","site-content-layout":"page-builder","ast-site-content-layout":"full-width-container","site-content-style":"default","site-sidebar-style":"default","ast-global-header-display":"","ast-banner-title-visibility":"","ast-main-header-display":"","ast-hfb-above-header-display":"","ast-hfb-below-header-display":"","ast-hfb-mobile-header-display":"","site-post-title":"disabled","ast-breadcrumbs-content":"","ast-featured-img":"disabled","footer-sml-layout":"","theme-transparent-header-meta":"","adv-header-id-meta":"","stick-header-meta":"","header-above-stick-meta":"","header-main-stick-meta":"","header-below-stick-meta":"","astra-migrate-meta-layouts":"set","ast-page-background-enabled":"default","ast-page-background-meta":{"desktop":{"background-color":"","background-image":"","background-repeat":"repeat","background-position":"center center","background-size":"auto","background-attachment":"scroll","background-type":"","background-media":"","overlay-type":"","overlay-color":"","overlay-gradient":""},"tablet":{"background-color":"","background-image":"","background-repeat":"repeat","background-position":"center center","background-size":"auto","background-attachment":"scroll","background-type":"","background-media":"","overlay-type":"","overlay-color":"","overlay-gradient":""},"mobile":{"background-color":"","background-image":"","background-repeat":"repeat","background-position":"center center","background-size":"auto","background-attachment":"scroll","background-type":"","background-media":"","overlay-type":"","overlay-color":"","overlay-gradient":""}},"ast-content-background-meta":{"desktop":{"background-color":"var(--ast-global-color-5)","background-image":"","background-repeat":"repeat","background-position":"center center","background-size":"auto","background-attachment":"scroll","background-type":"","background-media":"","overlay-type":"","overlay-color":"","overlay-gradient":""},"tablet":{"background-color":"var(--ast-global-color-5)","background-image":"","background-repeat":"repeat","background-position":"center center","background-size":"auto","background-attachment":"scroll","background-type":"","background-media":"","overlay-type":"","overlay-color":"","overlay-gradient":""},"mobile":{"background-color":"var(--ast-global-color-5)","background-image":"","background-repeat":"repeat","background-position":"center center","background-size":"auto","background-attachment":"scroll","background-type":"","background-media":"","overlay-type":"","overlay-color":"","overlay-gradient":""}},"footnotes":""},"aioseo_notices":[],"_links":{"self":[{"href":"https:\/\/proconstruction.es\/es\/wp-json\/wp\/v2\/pages\/2061"}],"collection":[{"href":"https:\/\/proconstruction.es\/es\/wp-json\/wp\/v2\/pages"}],"about":[{"href":"https:\/\/proconstruction.es\/es\/wp-json\/wp\/v2\/types\/page"}],"author":[{"embeddable":true,"href":"https:\/\/proconstruction.es\/es\/wp-json\/wp\/v2\/users\/1"}],"replies":[{"embeddable":true,"href":"https:\/\/proconstruction.es\/es\/wp-json\/wp\/v2\/comments?post=2061"}],"version-history":[{"count":10,"href":"https:\/\/proconstruction.es\/es\/wp-json\/wp\/v2\/pages\/2061\/revisions"}],"predecessor-version":[{"id":2242,"href":"https:\/\/proconstruction.es\/es\/wp-json\/wp\/v2\/pages\/2061\/revisions\/2242"}],"wp:attachment":[{"href":"https:\/\/proconstruction.es\/es\/wp-json\/wp\/v2\/media?parent=2061"}],"curies":[{"name":"wp","href":"https:\/\/api.w.org\/{rel}","templated":true}]}}